{"id":25983261,"date":"2025-03-24T10:07:45","date_gmt":"2025-03-24T09:07:45","guid":{"rendered":"https:\/\/www.workflow.at\/?page_id=25983261"},"modified":"2025-03-24T10:09:27","modified_gmt":"2025-03-24T09:09:27","slug":"datenschutz","status":"publish","type":"page","link":"https:\/\/www.workflow.at\/en\/datenschutz\/","title":{"rendered":"Data protection"},"content":{"rendered":"<div data-elementor-type=\"wp-page\" data-elementor-id=\"25983261\" class=\"elementor elementor-25983261\" data-elementor-settings=\"{&quot;element_pack_global_tooltip_width&quot;:{&quot;unit&quot;:&quot;px&quot;,&quot;size&quot;:&quot;&quot;,&quot;sizes&quot;:[]},&quot;element_pack_global_tooltip_width_tablet&quot;:{&quot;unit&quot;:&quot;px&quot;,&quot;size&quot;:&quot;&quot;,&quot;sizes&quot;:[]},&quot;element_pack_global_tooltip_width_mobile&quot;:{&quot;unit&quot;:&quot;px&quot;,&quot;size&quot;:&quot;&quot;,&quot;sizes&quot;:[]},&quot;element_pack_global_tooltip_padding&quot;:{&quot;unit&quot;:&quot;px&quot;,&quot;top&quot;:&quot;&quot;,&quot;right&quot;:&quot;&quot;,&quot;bottom&quot;:&quot;&quot;,&quot;left&quot;:&quot;&quot;,&quot;isLinked&quot;:true},&quot;element_pack_global_tooltip_padding_tablet&quot;:{&quot;unit&quot;:&quot;px&quot;,&quot;top&quot;:&quot;&quot;,&quot;right&quot;:&quot;&quot;,&quot;bottom&quot;:&quot;&quot;,&quot;left&quot;:&quot;&quot;,&quot;isLinked&quot;:true},&quot;element_pack_global_tooltip_padding_mobile&quot;:{&quot;unit&quot;:&quot;px&quot;,&quot;top&quot;:&quot;&quot;,&quot;right&quot;:&quot;&quot;,&quot;bottom&quot;:&quot;&quot;,&quot;left&quot;:&quot;&quot;,&quot;isLinked&quot;:true},&quot;element_pack_global_tooltip_border_radius&quot;:{&quot;unit&quot;:&quot;px&quot;,&quot;top&quot;:&quot;&quot;,&quot;right&quot;:&quot;&quot;,&quot;bottom&quot;:&quot;&quot;,&quot;left&quot;:&quot;&quot;,&quot;isLinked&quot;:true},&quot;element_pack_global_tooltip_border_radius_tablet&quot;:{&quot;unit&quot;:&quot;px&quot;,&quot;top&quot;:&quot;&quot;,&quot;right&quot;:&quot;&quot;,&quot;bottom&quot;:&quot;&quot;,&quot;left&quot;:&quot;&quot;,&quot;isLinked&quot;:true},&quot;element_pack_global_tooltip_border_radius_mobile&quot;:{&quot;unit&quot;:&quot;px&quot;,&quot;top&quot;:&quot;&quot;,&quot;right&quot;:&quot;&quot;,&quot;bottom&quot;:&quot;&quot;,&quot;left&quot;:&quot;&quot;,&quot;isLinked&quot;:true}}\">\n\t\t\t\t<div class=\"elementor-element elementor-element-bdb54a7 e-flex e-con-boxed e-con e-parent\" data-id=\"bdb54a7\" data-element_type=\"container\" data-e-type=\"container\">\n\t\t\t\t\t<div class=\"e-con-inner\">\n\t\t\t\t<div class=\"elementor-element elementor-element-9610dcd elementor-widget elementor-widget-text-editor\" data-id=\"9610dcd\" data-element_type=\"widget\" data-e-type=\"widget\" data-widget_type=\"text-editor.default\">\n\t\t\t\t<div class=\"elementor-widget-container\">\n\t\t\t\t\t\t\t\t\t<p><strong>Die Sicherheit Ihrer und unserer Daten ist uns \u00e4u\u00dferst wichtig!<\/strong><\/p><p>We therefore process your data exclusively on the basis of the statutory provisions (GDPR-compliant). In this data protection information, we inform you about the most important aspects of data processing on our website.<\/p><p><strong>Contact with workflow<\/strong><\/p><p>If you contact us using the form on the website or by e-mail, the data you provide will be stored by us for six months for the purpose of processing and in the event of follow-up questions. This data will not be passed on without your consent.<\/p><p><strong>Server location<\/strong><\/p><p>Der Standort des Servers befindet sich in einem der modernsten und gr\u00f6\u00dften Rechenzentrums in \u00d6sterreich und damit innerhalb der Europ\u00e4ischen Union (EU).<\/p><p><strong>Unsubscribe from newsletters and e-mail<\/strong><\/p><p>Benutzer, die unseren Newsletter oder unsere Werbe-Mails nicht mehr l\u00e4nger erhalten wollen, k\u00f6nnen sich bei einem entsprechenden \u201cButton\u201d, in allen von Workflow gesendeten Mails abmelden.<\/p><p><strong>Daten\u00fcbertragung im Internet<\/strong><\/p><p>Workflow weist darauf hin, dass die \u00dcbertragung von Daten im Internet (z.B. per E-Mail) Sicherheitsl\u00fccken aufweisen und ein l\u00fcckenloser Schutz der Daten vor dem Zugriff Dritter nicht gew\u00e4hrleistet werden kann. Der Anbieter \u00fcbernimmt keine Haftung f\u00fcr die durch solche Sicherheitsl\u00fccken entstandenen Sch\u00e4den.<\/p><p><strong>Your rights<\/strong><\/p><p>Ihnen stehen grunds\u00e4tzlich die Rechte auf Auskunft, Berichtigung, L\u00f6schung, Einschr\u00e4nkung, Daten\u00fcbertragbarkeit, Widerruf und Widerspruch zu. Wenn Sie glauben, dass die Verarbeitung Ihrer Daten gegen das Datenschutzrecht verst\u00f6\u00dft oder Ihre datenschutzrechtlichen Anspr\u00fcche sonst in einer Weise verletzt worden sind, schreiben Sie ein Mail an folgende Mailadresse mit einer genauen Beschreibung ihres Falles: privacy@workflow.at Alternativ k\u00f6nnen Sie ihre Anfrage auch \u00fcber den Post-Weg einbringen: Workflow HR Systems GmbH, Wagenseilgasse 14, A-1120 Wien<\/p>\t\t\t\t\t\t\t\t<\/div>\n\t\t\t\t<\/div>\n\t\t\t\t\t<\/div>\n\t\t\t\t<\/div>\n\t\t\t\t<\/div>","protected":false},"excerpt":{"rendered":"<p>The security of your and our data is extremely important to us! We therefore process your data exclusively on the basis of the statutory provisions (GDPR [...])<\/p>","protected":false},"author":2,"featured_media":0,"parent":0,"menu_order":0,"comment_status":"closed","ping_status":"closed","template":"","meta":{"content-type":"","footnotes":""},"class_list":["post-25983261","page","type-page","status-publish","hentry"],"yoast_head":"<!-- This site is optimized with the Yoast SEO plugin v26.9 - https:\/\/yoast.com\/product\/yoast-seo-wordpress\/ -->\n<title>Datenschutz - Workflow HR Systems GmbH<\/title>\n<meta name=\"robots\" content=\"index, follow, max-snippet:-1, max-image-preview:large, max-video-preview:-1\" \/>\n<link rel=\"canonical\" href=\"https:\/\/www.workflow.at\/en\/datenschutz\/\" \/>\n<meta property=\"og:locale\" content=\"en_GB\" \/>\n<meta property=\"og:type\" content=\"article\" \/>\n<meta property=\"og:title\" content=\"Datenschutz - Workflow HR Systems GmbH\" \/>\n<meta property=\"og:description\" content=\"Die Sicherheit Ihrer und unserer Daten ist uns \u00e4u\u00dferst wichtig! Wir verarbeiten Ihre Daten daher ausschlie\u00dflich auf Grundlage der gesetzlichen Bestimmungen (DSGVO [&hellip;]\" \/>\n<meta property=\"og:url\" content=\"https:\/\/www.workflow.at\/en\/datenschutz\/\" \/>\n<meta property=\"og:site_name\" content=\"Workflow HR Systems GmbH\" \/>\n<meta property=\"article:modified_time\" content=\"2025-03-24T09:09:27+00:00\" \/>\n<meta name=\"twitter:card\" content=\"summary_large_image\" \/>\n<script type=\"application\/ld+json\" class=\"yoast-schema-graph\">{\"@context\":\"https:\/\/schema.org\",\"@graph\":[{\"@type\":\"WebPage\",\"@id\":\"https:\/\/www.workflow.at\/datenschutz\/\",\"url\":\"https:\/\/www.workflow.at\/datenschutz\/\",\"name\":\"Datenschutz - Workflow HR Systems GmbH\",\"isPartOf\":{\"@id\":\"https:\/\/www.workflow.at\/#website\"},\"datePublished\":\"2025-03-24T09:07:45+00:00\",\"dateModified\":\"2025-03-24T09:09:27+00:00\",\"breadcrumb\":{\"@id\":\"https:\/\/www.workflow.at\/datenschutz\/#breadcrumb\"},\"inLanguage\":\"en-GB\",\"potentialAction\":[{\"@type\":\"ReadAction\",\"target\":[\"https:\/\/www.workflow.at\/datenschutz\/\"]}]},{\"@type\":\"BreadcrumbList\",\"@id\":\"https:\/\/www.workflow.at\/datenschutz\/#breadcrumb\",\"itemListElement\":[{\"@type\":\"ListItem\",\"position\":1,\"name\":\"Startseite\",\"item\":\"https:\/\/www.workflow.at\/\"},{\"@type\":\"ListItem\",\"position\":2,\"name\":\"Datenschutz\"}]},{\"@type\":\"WebSite\",\"@id\":\"https:\/\/www.workflow.at\/#website\",\"url\":\"https:\/\/www.workflow.at\/\",\"name\":\"Workflow HR Systems GmbH\",\"description\":\"Simplify your HR\",\"potentialAction\":[{\"@type\":\"SearchAction\",\"target\":{\"@type\":\"EntryPoint\",\"urlTemplate\":\"https:\/\/www.workflow.at\/?s={search_term_string}\"},\"query-input\":{\"@type\":\"PropertyValueSpecification\",\"valueRequired\":true,\"valueName\":\"search_term_string\"}}],\"inLanguage\":\"en-GB\"}]}<\/script>\n<!-- \/ Yoast SEO plugin. -->","yoast_head_json":{"title":"Data protection - Workflow HR Systems GmbH","robots":{"index":"index","follow":"follow","max-snippet":"max-snippet:-1","max-image-preview":"max-image-preview:large","max-video-preview":"max-video-preview:-1"},"canonical":"https:\/\/www.workflow.at\/en\/datenschutz\/","og_locale":"en_GB","og_type":"article","og_title":"Datenschutz - Workflow HR Systems GmbH","og_description":"Die Sicherheit Ihrer und unserer Daten ist uns \u00e4u\u00dferst wichtig! Wir verarbeiten Ihre Daten daher ausschlie\u00dflich auf Grundlage der gesetzlichen Bestimmungen (DSGVO [&hellip;]","og_url":"https:\/\/www.workflow.at\/en\/datenschutz\/","og_site_name":"Workflow HR Systems GmbH","article_modified_time":"2025-03-24T09:09:27+00:00","twitter_card":"summary_large_image","schema":{"@context":"https:\/\/schema.org","@graph":[{"@type":"WebPage","@id":"https:\/\/www.workflow.at\/datenschutz\/","url":"https:\/\/www.workflow.at\/datenschutz\/","name":"Data protection - Workflow HR Systems GmbH","isPartOf":{"@id":"https:\/\/www.workflow.at\/#website"},"datePublished":"2025-03-24T09:07:45+00:00","dateModified":"2025-03-24T09:09:27+00:00","breadcrumb":{"@id":"https:\/\/www.workflow.at\/datenschutz\/#breadcrumb"},"inLanguage":"en-GB","potentialAction":[{"@type":"ReadAction","target":["https:\/\/www.workflow.at\/datenschutz\/"]}]},{"@type":"BreadcrumbList","@id":"https:\/\/www.workflow.at\/datenschutz\/#breadcrumb","itemListElement":[{"@type":"ListItem","position":1,"name":"Startseite","item":"https:\/\/www.workflow.at\/"},{"@type":"ListItem","position":2,"name":"Datenschutz"}]},{"@type":"WebSite","@id":"https:\/\/www.workflow.at\/#website","url":"https:\/\/www.workflow.at\/","name":"Workflow HR Systems GmbH","description":"Simplify your HR","potentialAction":[{"@type":"SearchAction","target":{"@type":"EntryPoint","urlTemplate":"https:\/\/www.workflow.at\/?s={search_term_string}"},"query-input":{"@type":"PropertyValueSpecification","valueRequired":true,"valueName":"search_term_string"}}],"inLanguage":"en-GB"}]}},"_links":{"self":[{"href":"https:\/\/www.workflow.at\/en\/wp-json\/wp\/v2\/pages\/25983261","targetHints":{"allow":["GET"]}}],"collection":[{"href":"https:\/\/www.workflow.at\/en\/wp-json\/wp\/v2\/pages"}],"about":[{"href":"https:\/\/www.workflow.at\/en\/wp-json\/wp\/v2\/types\/page"}],"author":[{"embeddable":true,"href":"https:\/\/www.workflow.at\/en\/wp-json\/wp\/v2\/users\/2"}],"replies":[{"embeddable":true,"href":"https:\/\/www.workflow.at\/en\/wp-json\/wp\/v2\/comments?post=25983261"}],"version-history":[{"count":7,"href":"https:\/\/www.workflow.at\/en\/wp-json\/wp\/v2\/pages\/25983261\/revisions"}],"predecessor-version":[{"id":25983268,"href":"https:\/\/www.workflow.at\/en\/wp-json\/wp\/v2\/pages\/25983261\/revisions\/25983268"}],"wp:attachment":[{"href":"https:\/\/www.workflow.at\/en\/wp-json\/wp\/v2\/media?parent=25983261"}],"curies":[{"name":"wp","href":"https:\/\/api.w.org\/{rel}","templated":true}]}}