{"id":25983004,"date":"2025-03-12T15:30:55","date_gmt":"2025-03-12T14:30:55","guid":{"rendered":"https:\/\/www.workflow.at\/?page_id=25983004"},"modified":"2026-01-07T13:22:52","modified_gmt":"2026-01-07T12:22:52","slug":"jobs","status":"publish","type":"page","link":"https:\/\/www.workflow.at\/en\/jobs\/","title":{"rendered":"Jobs"},"content":{"rendered":"<div data-elementor-type=\"wp-page\" data-elementor-id=\"25983004\" class=\"elementor elementor-25983004\" data-elementor-settings=\"{&quot;element_pack_global_tooltip_width&quot;:{&quot;unit&quot;:&quot;px&quot;,&quot;size&quot;:&quot;&quot;,&quot;sizes&quot;:[]},&quot;element_pack_global_tooltip_width_tablet&quot;:{&quot;unit&quot;:&quot;px&quot;,&quot;size&quot;:&quot;&quot;,&quot;sizes&quot;:[]},&quot;element_pack_global_tooltip_width_mobile&quot;:{&quot;unit&quot;:&quot;px&quot;,&quot;size&quot;:&quot;&quot;,&quot;sizes&quot;:[]},&quot;element_pack_global_tooltip_padding&quot;:{&quot;unit&quot;:&quot;px&quot;,&quot;top&quot;:&quot;&quot;,&quot;right&quot;:&quot;&quot;,&quot;bottom&quot;:&quot;&quot;,&quot;left&quot;:&quot;&quot;,&quot;isLinked&quot;:true},&quot;element_pack_global_tooltip_padding_tablet&quot;:{&quot;unit&quot;:&quot;px&quot;,&quot;top&quot;:&quot;&quot;,&quot;right&quot;:&quot;&quot;,&quot;bottom&quot;:&quot;&quot;,&quot;left&quot;:&quot;&quot;,&quot;isLinked&quot;:true},&quot;element_pack_global_tooltip_padding_mobile&quot;:{&quot;unit&quot;:&quot;px&quot;,&quot;top&quot;:&quot;&quot;,&quot;right&quot;:&quot;&quot;,&quot;bottom&quot;:&quot;&quot;,&quot;left&quot;:&quot;&quot;,&quot;isLinked&quot;:true},&quot;element_pack_global_tooltip_border_radius&quot;:{&quot;unit&quot;:&quot;px&quot;,&quot;top&quot;:&quot;&quot;,&quot;right&quot;:&quot;&quot;,&quot;bottom&quot;:&quot;&quot;,&quot;left&quot;:&quot;&quot;,&quot;isLinked&quot;:true},&quot;element_pack_global_tooltip_border_radius_tablet&quot;:{&quot;unit&quot;:&quot;px&quot;,&quot;top&quot;:&quot;&quot;,&quot;right&quot;:&quot;&quot;,&quot;bottom&quot;:&quot;&quot;,&quot;left&quot;:&quot;&quot;,&quot;isLinked&quot;:true},&quot;element_pack_global_tooltip_border_radius_mobile&quot;:{&quot;unit&quot;:&quot;px&quot;,&quot;top&quot;:&quot;&quot;,&quot;right&quot;:&quot;&quot;,&quot;bottom&quot;:&quot;&quot;,&quot;left&quot;:&quot;&quot;,&quot;isLinked&quot;:true}}\">\n\t\t\t\t<div class=\"elementor-element elementor-element-2a37a23 e-flex e-con-boxed e-con e-parent\" data-id=\"2a37a23\" data-element_type=\"container\" data-e-type=\"container\">\n\t\t\t\t\t<div class=\"e-con-inner\">\n\t\t\t\t<div class=\"elementor-element elementor-element-5505bbe elementor-widget elementor-widget-heading\" data-id=\"5505bbe\" data-element_type=\"widget\" data-e-type=\"widget\" data-widget_type=\"heading.default\">\n\t\t\t\t<div class=\"elementor-widget-container\">\n\t\t\t\t\t<h1 class=\"elementor-heading-title elementor-size-default\">Open positions<\/h1>\t\t\t\t<\/div>\n\t\t\t\t<\/div>\n\t\t\t\t<div class=\"elementor-element elementor-element-032e1c2 elementor-hidden-desktop elementor-hidden-tablet elementor-hidden-mobile elementor-widget elementor-widget-text-editor\" data-id=\"032e1c2\" data-element_type=\"widget\" data-e-type=\"widget\" data-widget_type=\"text-editor.default\">\n\t\t\t\t<div class=\"elementor-widget-container\">\n\t\t\t\t\t\t\t\t\t<p><br \/>Kontakt E-Mail Adresse: career@workflow.at<\/p>\t\t\t\t\t\t\t\t<\/div>\n\t\t\t\t<\/div>\n\t\t\t\t<div class=\"elementor-element elementor-element-ab79b3e no ui-e-apg-classic ui-e-img-anim-zoom elementor-widget elementor-widget-uicore-advanced-post-grid woocommerce elementor-widget-uicore-advanced-post-grid\" data-id=\"ab79b3e\" data-element_type=\"widget\" data-e-type=\"widget\" data-settings=\"{&quot;masonry&quot;:&quot;no&quot;}\" data-widget_type=\"uicore-advanced-post-grid.default\">\n\t\t\t\t<div class=\"elementor-widget-container\">\n\t\t\t\t\t            <div class=\"ui-e-adv-grid\">\n                \n                <div class=\"ui-e-post-item ui-e-item ui-e-animations-wrp\">\n                    <article class=\"post-25984237 post type-post status-publish format-standard has-post-thumbnail hentry category-jobs category-offene-stellen\">\n                        <div class=\"ui-e-post-top\">\n                                    <a class=\"ui-e-post-img-wrapp\"\n            href=\"https:\/\/www.workflow.at\/en\/business-development-representative-anstellung-385h-fuer-standort-wien-gesucht\/\"\n            title=\"View Post: Business Development Representative - Employment (38,5h) wanted for location Vienna\">\n\n                            <div class=\"ui-e-post-img\" style=\"background-image:url(https:\/\/www.workflow.at\/wp-content\/uploads\/2025\/04\/Workflow_Projektzeiterfassung_Bild-5-650x489.png)\"><\/div>\n                    <\/a>\n                                                        <\/div>\n\n                        \n                        <div class=\"ui-e-post-content\">\n\n                                                                <a href=\"https:\/\/www.workflow.at\/en\/business-development-representative-anstellung-385h-fuer-standort-wien-gesucht\/\" title=\"View Post: Business Development Representative - Employment (38,5h) wanted for location Vienna\">\n            <h4 class=\"ui-e-post-title\">\n                <span> Business Development Representative \u2013 Anstellung (38,5h) f\u00fcr Standort Wien gesucht <\/span>\n            <\/h4>\n        <\/a>\n                                                                                                                                            <\/div>\n                    <\/article>\n                <\/div>\n\n                \n                <div class=\"ui-e-post-item ui-e-item ui-e-animations-wrp\">\n                    <article class=\"post-25984041 post type-post status-publish format-standard has-post-thumbnail hentry category-jobs category-offene-stellen\">\n                        <div class=\"ui-e-post-top\">\n                                    <a class=\"ui-e-post-img-wrapp\"\n            href=\"https:\/\/www.workflow.at\/en\/customer-success-manager-fuer-wien-gesucht\/\"\n            title=\"View Post:Customer Success Manager \u2013 Anstellung (38,5h) f\u00fcr Standort Wien gesucht\">\n\n                            <div class=\"ui-e-post-img\" style=\"background-image:url(https:\/\/www.workflow.at\/wp-content\/uploads\/2025\/05\/Workflow-HR_2025_Final-42-650x433.jpg)\"><\/div>\n                    <\/a>\n                                                        <\/div>\n\n                        \n                        <div class=\"ui-e-post-content\">\n\n                                                                <a href=\"https:\/\/www.workflow.at\/en\/customer-success-manager-fuer-wien-gesucht\/\" title=\"View Post:Customer Success Manager \u2013 Anstellung (38,5h) f\u00fcr Standort Wien gesucht\">\n            <h4 class=\"ui-e-post-title\">\n                <span> Customer Success Manager \u2013 Anstellung (38,5h) f\u00fcr Standort Wien gesucht <\/span>\n            <\/h4>\n        <\/a>\n                                                                                                                                            <\/div>\n                    <\/article>\n                <\/div>\n\n                            <\/div>\n\t\t\t\t<\/div>\n\t\t\t\t<\/div>\n\t\t\t\t\t<\/div>\n\t\t\t\t<\/div>\n\t\t\t\t<div class=\"elementor-section elementor-top-section elementor-element elementor-element-919acfe elementor-section-boxed elementor-section-height-default elementor-section-height-default\" data-id=\"919acfe\" data-element_type=\"section\" data-e-type=\"section\" data-settings=\"{&quot;background_background&quot;:&quot;classic&quot;,&quot;shape_divider_top&quot;:&quot;opacity-fan&quot;,&quot;shape_divider_bottom&quot;:&quot;opacity-tilt&quot;}\">\n\t\t\t\t\t<div class=\"elementor-shape elementor-shape-top\" aria-hidden=\"true\" data-negative=\"false\">\n\t\t\t<svg xmlns=\"http:\/\/www.w3.org\/2000\/svg\" viewbox=\"0 0 283.5 19.6\" preserveaspectratio=\"none\">\n\t<path class=\"elementor-shape-fill\" style=\"opacity:0.33\" d=\"M0 0L0 18.8 141.8 4.1 283.5 18.8 283.5 0z\"\/>\n\t<path class=\"elementor-shape-fill\" style=\"opacity:0.33\" d=\"M0 0L0 12.6 141.8 4 283.5 12.6 283.5 0z\"\/>\n\t<path class=\"elementor-shape-fill\" style=\"opacity:0.33\" d=\"M0 0L0 6.4 141.8 4 283.5 6.4 283.5 0z\"\/>\n\t<path class=\"elementor-shape-fill\" d=\"M0 0L0 1.2 141.8 4 283.5 1.2 283.5 0z\"\/>\n<\/svg>\t\t<\/div>\n\t\t\t\t<div class=\"elementor-shape elementor-shape-bottom\" aria-hidden=\"true\" data-negative=\"false\">\n\t\t\t<svg xmlns=\"http:\/\/www.w3.org\/2000\/svg\" viewbox=\"0 0 2600 131.1\" preserveaspectratio=\"none\">\n\t<path class=\"elementor-shape-fill\" d=\"M0 0L2600 0 2600 69.1 0 0z\"\/>\n\t<path class=\"elementor-shape-fill\" style=\"opacity:0.5\" d=\"M0 0L2600 0 2600 69.1 0 69.1z\"\/>\n\t<path class=\"elementor-shape-fill\" style=\"opacity:0.25\" d=\"M2600 0L0 0 0 130.1 2600 69.1z\"\/>\n<\/svg>\t\t<\/div>\n\t\t\t\t\t<div class=\"elementor-container elementor-column-gap-default\">\n\t\t\t\t\t<div class=\"elementor-column elementor-col-100 elementor-top-column elementor-element elementor-element-99dc5d4\" data-id=\"99dc5d4\" data-element_type=\"column\" data-e-type=\"column\">\n\t\t\t<div class=\"elementor-widget-wrap elementor-element-populated\">\n\t\t\t\t\t\t<div class=\"elementor-element elementor-element-5c2d1ea elementor-widget__width-initial elementor-widget-tablet__width-initial elementor-widget-mobile__width-inherit elementor-widget elementor-widget-heading\" data-id=\"5c2d1ea\" data-element_type=\"widget\" data-e-type=\"widget\" data-settings=\"{&quot;_animation&quot;:&quot;none&quot;,&quot;_animation_delay&quot;:&quot;120&quot;}\" data-widget_type=\"heading.default\">\n\t\t\t\t<div class=\"elementor-widget-container\">\n\t\t\t\t\t<h2 class=\"elementor-heading-title elementor-size-default\">That's what our team says:<\/h2>\t\t\t\t<\/div>\n\t\t\t\t<\/div>\n\t\t\t\t<div class=\"elementor-element elementor-element-bad92c8 ui-e-layout_2 ui-e-h-align-left ui-e-animation-fade elementor-widget elementor-widget-uicore-testimonial-slider\" data-id=\"bad92c8\" data-element_type=\"widget\" data-e-type=\"widget\" data-settings=\"{&quot;layout&quot;:&quot;layout_2&quot;,&quot;autoplay&quot;:&quot;yes&quot;,&quot;navigation&quot;:&quot;arrows&quot;,&quot;carousel_gap_tablet&quot;:{&quot;unit&quot;:&quot;px&quot;,&quot;size&quot;:&quot;&quot;,&quot;sizes&quot;:[]},&quot;carousel_gap_mobile&quot;:{&quot;unit&quot;:&quot;px&quot;,&quot;size&quot;:&quot;&quot;,&quot;sizes&quot;:[]},&quot;animation_style&quot;:&quot;fade&quot;,&quot;autoplay_speed&quot;:5000,&quot;grab_cursor&quot;:&quot;yes&quot;,&quot;loop&quot;:&quot;true&quot;,&quot;overflow_container&quot;:&quot;container&quot;}\" data-widget_type=\"uicore-testimonial-slider.default\">\n\t\t\t\t<div class=\"elementor-widget-container\">\n\t\t\t\t\t        <div class=\"ui-e-carousel swiper\">\n            <div class='swiper-wrapper'>\n                \n        <div class=\"ui-e-wrp swiper-slide\">\n                            <div class=\"ui-e-animations-wrp\">\n                                <div class=\"ui-e-item\">\n                            <div class=\"ui-e-content\">\n\n                                <h4 class=\"ui-e-testimonial-name\">\n                <span>Peter Strohmayer<\/span>\n            <\/h4>\n                                <div class=\"ui-e-testimonial-job-title\">\n                <span>Senior Consultant<\/span>\n            <\/div>\n            \n                                <div class=\"ui-e-testimonial-text\">\n                <p>Was ich an unserem Team bei Workflow besonders sch\u00e4tze, ist der starke Zusammenhalt und die verl\u00e4ssliche Zusammenarbeit. Egal wie komplex ein Projekt ist \u2013 wir finden gemeinsam L\u00f6sungen und unterst\u00fctzen uns gegenseitig. Jeder kann sich auf die Kollegen verlassen, und genau das macht unsere Arbeitsweise so effizient und angenehm.<\/p>            <\/div>\n                        <\/div>\n\n                    <\/div>\n                                <\/div>\n                    <\/div>\n    \n        <div class=\"ui-e-wrp swiper-slide\">\n                            <div class=\"ui-e-animations-wrp\">\n                                <div class=\"ui-e-item\">\n                            <div class=\"ui-e-content\">\n\n                                <h4 class=\"ui-e-testimonial-name\">\n                <span>Akhmed Khalikov<\/span>\n            <\/h4>\n                                <div class=\"ui-e-testimonial-job-title\">\n                <span>Customer Service<\/span>\n            <\/div>\n            \n                                <div class=\"ui-e-testimonial-text\">\n                <p>Those who seek meaning will find work.<\/p><p>Wer Gl\u00fcck sucht, findet den richtigen Arbeitgeber.<\/p><p>Doch wer beides sucht, braucht ein Team, das nicht nur zusammenarbeitet, sondern auch gemeinsam w\u00e4chst \u2013 genau das macht Workflow HR Systems aus.<\/p>            <\/div>\n                        <\/div>\n\n                    <\/div>\n                                <\/div>\n                    <\/div>\n                <\/div>\n        <\/div>\n        \t\t\t<div class=\"ui-e-button ui-e-carousel-button ui-e-previous\" role=\"button\" aria-label=\"Previous slide\">\n\t\t\t\t<svg aria-hidden=\"true\" class=\"e-font-icon-svg e-fas-arrow-left\" viewbox=\"0 0 448 512\" xmlns=\"http:\/\/www.w3.org\/2000\/svg\"><path d=\"M257.5 445.1l-22.2 22.2c-9.4 9.4-24.6 9.4-33.9 0L7 273c-9.4-9.4-9.4-24.6 0-33.9L201.4 44.7c9.4-9.4 24.6-9.4 33.9 0l22.2 22.2c9.5 9.5 9.3 25-.4 34.3L136.6 216H424c13.3 0 24 10.7 24 24v32c0 13.3-10.7 24-24 24H136.6l120.5 114.8c9.8 9.3 10 24.8.4 34.3z\"><\/path><\/svg>\t\t\t<\/div>\n\t\t\t<div class=\"ui-e-button ui-e-carousel-button ui-e-next\" role=\"button\" aria-label=\"Next slide\">\n\t\t\t\t<svg aria-hidden=\"true\" class=\"e-font-icon-svg e-fas-arrow-right\" viewbox=\"0 0 448 512\" xmlns=\"http:\/\/www.w3.org\/2000\/svg\"><path d=\"M190.5 66.9l22.2-22.2c9.4-9.4 24.6-9.4 33.9 0L441 239c9.4 9.4 9.4 24.6 0 33.9L246.6 467.3c-9.4 9.4-24.6 9.4-33.9 0l-22.2-22.2c-9.5-9.5-9.3-25 .4-34.3L311.4 296H24c-13.3 0-24-10.7-24-24v-32c0-13.3 10.7-24 24-24h287.4L190.9 101.2c-9.8-9.3-10-24.8-.4-34.3z\"><\/path><\/svg>\t\t\t<\/div>\n\t\t\t\t\t\t<\/div>\n\t\t\t\t<\/div>\n\t\t\t\t\t<\/div>\n\t\t<\/div>\n\t\t\t\t\t<\/div>\n\t\t<\/div>\n\t\t\t\t<div class=\"elementor-section elementor-top-section elementor-element elementor-element-8e55159 elementor-section-boxed elementor-section-height-default elementor-section-height-default\" data-id=\"8e55159\" data-element_type=\"section\" data-e-type=\"section\">\n\t\t\t\t\t\t<div class=\"elementor-container elementor-column-gap-default\">\n\t\t\t\t\t<div class=\"elementor-column elementor-col-100 elementor-top-column elementor-element elementor-element-12f9b4b\" data-id=\"12f9b4b\" data-element_type=\"column\" data-e-type=\"column\">\n\t\t\t<div class=\"elementor-widget-wrap elementor-element-populated\">\n\t\t\t\t\t\t<section class=\"elementor-section elementor-inner-section elementor-element elementor-element-d3aa129 elementor-section-boxed elementor-section-height-default elementor-section-height-default\" data-id=\"d3aa129\" data-element_type=\"section\" data-e-type=\"section\" data-settings=\"{&quot;background_background&quot;:&quot;classic&quot;}\">\n\t\t\t\t\t\t<div class=\"elementor-container elementor-column-gap-default\">\n\t\t\t\t\t<div class=\"elementor-column elementor-col-50 elementor-inner-column elementor-element elementor-element-f919227\" data-id=\"f919227\" data-element_type=\"column\" data-e-type=\"column\" data-settings=\"{&quot;background_background&quot;:&quot;classic&quot;}\">\n\t\t\t<div class=\"elementor-widget-wrap elementor-element-populated\">\n\t\t\t\t\t\t<div class=\"elementor-element elementor-element-75e97ab elementor-widget elementor-widget-heading\" data-id=\"75e97ab\" data-element_type=\"widget\" data-e-type=\"widget\" data-settings=\"{&quot;_animation&quot;:&quot;none&quot;,&quot;_animation_delay&quot;:&quot;160&quot;}\" data-widget_type=\"heading.default\">\n\t\t\t\t<div class=\"elementor-widget-container\">\n\t\t\t\t\t<h2 class=\"elementor-heading-title elementor-size-default\">Du m\u00f6chtest mehr \u00fcber Workflow erfahren?<\/h2>\t\t\t\t<\/div>\n\t\t\t\t<\/div>\n\t\t\t\t<div class=\"elementor-element elementor-element-e34ca0d elementor-widget elementor-widget-button\" data-id=\"e34ca0d\" data-element_type=\"widget\" data-e-type=\"widget\" data-widget_type=\"button.default\">\n\t\t\t\t<div class=\"elementor-widget-container\">\n\t\t\t\t\t\t\t\t\t<div class=\"elementor-button-wrapper\">\n\t\t\t\t\t<a class=\"elementor-button elementor-button-link elementor-size-sm\" href=\"mailto:career@workflow.at\">\n\t\t\t\t\t\t<span class=\"elementor-button-content-wrapper\">\n\t\t\t\t\t\t\t\t\t<span class=\"elementor-button-text\">Contact us<\/span>\n\t\t\t\t\t<\/span>\n\t\t\t\t\t<\/a>\n\t\t\t\t<\/div>\n\t\t\t\t\t\t\t\t<\/div>\n\t\t\t\t<\/div>\n\t\t\t\t\t<\/div>\n\t\t<\/div>\n\t\t\t\t<div class=\"elementor-column elementor-col-50 elementor-inner-column elementor-element elementor-element-c59e66a\" data-id=\"c59e66a\" data-element_type=\"column\" data-e-type=\"column\" data-settings=\"{&quot;animation&quot;:&quot;none&quot;,&quot;animation_delay&quot;:&quot;400&quot;,&quot;animation_mobile&quot;:&quot;none&quot;,&quot;background_background&quot;:&quot;classic&quot;}\">\n\t\t\t<div class=\"elementor-widget-wrap elementor-element-populated\">\n\t\t\t\t<div class=\"elementor-element elementor-element-1081586 e-flex e-con-boxed e-con e-parent\" data-id=\"1081586\" data-element_type=\"container\" data-e-type=\"container\">\n\t\t\t\t\t<div class=\"e-con-inner\">\n\t\t\t\t\t<\/div>\n\t\t\t\t<\/div>\n\t\t\t\t\t<\/div>\n\t\t<\/div>\n\t\t\t\t\t<\/div>\n\t\t<\/section>\n\t\t\t\t\t<\/div>\n\t\t<\/div>\n\t\t\t\t\t<\/div>\n\t\t<\/div>\n\t\t\t\t<\/div>","protected":false},"excerpt":{"rendered":"<p>Offene Stellen Kontakt Email Adresse: career@workflow.at Business Development Representative \u2013 Anstellung (38,5h) f\u00fcr Standort Wien gesucht Customer Success Manager \u2013 Anstellung (38,5h) [&hellip;]<\/p>","protected":false},"author":2,"featured_media":0,"parent":0,"menu_order":0,"comment_status":"closed","ping_status":"closed","template":"","meta":{"content-type":"","footnotes":""},"class_list":["post-25983004","page","type-page","status-publish","hentry"],"yoast_head":"<!-- This site is optimized with the Yoast SEO plugin v26.9 - https:\/\/yoast.com\/product\/yoast-seo-wordpress\/ -->\n<title>Workflow: Ihr HR-Software Experte f\u00fcr individuelle L\u00f6sungen<\/title>\n<meta name=\"description\" content=\"Vereinfachen Sie den Arbeitsalltag von F\u00fchrungskr\u00e4ften &amp; Teams mit der HR-L\u00f6sung, die wirklich zu Ihnen passt. On premise oder standardisiert aus der Cloud.\" \/>\n<meta name=\"robots\" content=\"index, follow, max-snippet:-1, max-image-preview:large, max-video-preview:-1\" \/>\n<link rel=\"canonical\" href=\"https:\/\/www.workflow.at\/en\/jobs\/\" \/>\n<meta property=\"og:locale\" content=\"en_GB\" \/>\n<meta property=\"og:type\" content=\"article\" \/>\n<meta property=\"og:title\" content=\"Workflow: Ihr HR-Software Experte f\u00fcr individuelle L\u00f6sungen\" \/>\n<meta property=\"og:description\" content=\"Vereinfachen Sie den Arbeitsalltag von F\u00fchrungskr\u00e4ften &amp; Teams mit der HR-L\u00f6sung, die wirklich zu Ihnen passt. On premise oder standardisiert aus der Cloud.\" \/>\n<meta property=\"og:url\" content=\"https:\/\/www.workflow.at\/en\/jobs\/\" \/>\n<meta property=\"og:site_name\" content=\"Workflow HR Systems GmbH\" \/>\n<meta property=\"article:modified_time\" content=\"2026-01-07T12:22:52+00:00\" \/>\n<meta name=\"twitter:card\" content=\"summary_large_image\" \/>\n<meta name=\"twitter:label1\" content=\"Estimated reading time\" \/>\n\t<meta name=\"twitter:data1\" content=\"1 minute\" \/>\n<script type=\"application\/ld+json\" class=\"yoast-schema-graph\">{\"@context\":\"https:\/\/schema.org\",\"@graph\":[{\"@type\":\"WebPage\",\"@id\":\"https:\/\/www.workflow.at\/jobs\/\",\"url\":\"https:\/\/www.workflow.at\/jobs\/\",\"name\":\"Workflow: Ihr HR-Software Experte f\u00fcr individuelle L\u00f6sungen\",\"isPartOf\":{\"@id\":\"https:\/\/www.workflow.at\/#website\"},\"datePublished\":\"2025-03-12T14:30:55+00:00\",\"dateModified\":\"2026-01-07T12:22:52+00:00\",\"description\":\"Vereinfachen Sie den Arbeitsalltag von F\u00fchrungskr\u00e4ften & Teams mit der HR-L\u00f6sung, die wirklich zu Ihnen passt. On premise oder standardisiert aus der Cloud.\",\"breadcrumb\":{\"@id\":\"https:\/\/www.workflow.at\/jobs\/#breadcrumb\"},\"inLanguage\":\"en-GB\",\"potentialAction\":[{\"@type\":\"ReadAction\",\"target\":[\"https:\/\/www.workflow.at\/jobs\/\"]}]},{\"@type\":\"BreadcrumbList\",\"@id\":\"https:\/\/www.workflow.at\/jobs\/#breadcrumb\",\"itemListElement\":[{\"@type\":\"ListItem\",\"position\":1,\"name\":\"Startseite\",\"item\":\"https:\/\/www.workflow.at\/\"},{\"@type\":\"ListItem\",\"position\":2,\"name\":\"Jobs\"}]},{\"@type\":\"WebSite\",\"@id\":\"https:\/\/www.workflow.at\/#website\",\"url\":\"https:\/\/www.workflow.at\/\",\"name\":\"Workflow HR Systems GmbH\",\"description\":\"Simplify your HR\",\"potentialAction\":[{\"@type\":\"SearchAction\",\"target\":{\"@type\":\"EntryPoint\",\"urlTemplate\":\"https:\/\/www.workflow.at\/?s={search_term_string}\"},\"query-input\":{\"@type\":\"PropertyValueSpecification\",\"valueRequired\":true,\"valueName\":\"search_term_string\"}}],\"inLanguage\":\"en-GB\"}]}<\/script>\n<!-- \/ Yoast SEO plugin. -->","yoast_head_json":{"title":"Workflow: Your HR software expert for customised solutions","description":"Simplify the day-to-day work of managers and teams with the HR solution that really suits you. On premise or standardised from the cloud.","robots":{"index":"index","follow":"follow","max-snippet":"max-snippet:-1","max-image-preview":"max-image-preview:large","max-video-preview":"max-video-preview:-1"},"canonical":"https:\/\/www.workflow.at\/en\/jobs\/","og_locale":"en_GB","og_type":"article","og_title":"Workflow: Ihr HR-Software Experte f\u00fcr individuelle L\u00f6sungen","og_description":"Vereinfachen Sie den Arbeitsalltag von F\u00fchrungskr\u00e4ften & Teams mit der HR-L\u00f6sung, die wirklich zu Ihnen passt. On premise oder standardisiert aus der Cloud.","og_url":"https:\/\/www.workflow.at\/en\/jobs\/","og_site_name":"Workflow HR Systems GmbH","article_modified_time":"2026-01-07T12:22:52+00:00","twitter_card":"summary_large_image","twitter_misc":{"Estimated reading time":"1 minute"},"schema":{"@context":"https:\/\/schema.org","@graph":[{"@type":"WebPage","@id":"https:\/\/www.workflow.at\/jobs\/","url":"https:\/\/www.workflow.at\/jobs\/","name":"Workflow: Your HR software expert for customised solutions","isPartOf":{"@id":"https:\/\/www.workflow.at\/#website"},"datePublished":"2025-03-12T14:30:55+00:00","dateModified":"2026-01-07T12:22:52+00:00","description":"Simplify the day-to-day work of managers and teams with the HR solution that really suits you. On premise or standardised from the cloud.","breadcrumb":{"@id":"https:\/\/www.workflow.at\/jobs\/#breadcrumb"},"inLanguage":"en-GB","potentialAction":[{"@type":"ReadAction","target":["https:\/\/www.workflow.at\/jobs\/"]}]},{"@type":"BreadcrumbList","@id":"https:\/\/www.workflow.at\/jobs\/#breadcrumb","itemListElement":[{"@type":"ListItem","position":1,"name":"Startseite","item":"https:\/\/www.workflow.at\/"},{"@type":"ListItem","position":2,"name":"Jobs"}]},{"@type":"WebSite","@id":"https:\/\/www.workflow.at\/#website","url":"https:\/\/www.workflow.at\/","name":"Workflow HR Systems GmbH","description":"Simplify your HR","potentialAction":[{"@type":"SearchAction","target":{"@type":"EntryPoint","urlTemplate":"https:\/\/www.workflow.at\/?s={search_term_string}"},"query-input":{"@type":"PropertyValueSpecification","valueRequired":true,"valueName":"search_term_string"}}],"inLanguage":"en-GB"}]}},"_links":{"self":[{"href":"https:\/\/www.workflow.at\/en\/wp-json\/wp\/v2\/pages\/25983004","targetHints":{"allow":["GET"]}}],"collection":[{"href":"https:\/\/www.workflow.at\/en\/wp-json\/wp\/v2\/pages"}],"about":[{"href":"https:\/\/www.workflow.at\/en\/wp-json\/wp\/v2\/types\/page"}],"author":[{"embeddable":true,"href":"https:\/\/www.workflow.at\/en\/wp-json\/wp\/v2\/users\/2"}],"replies":[{"embeddable":true,"href":"https:\/\/www.workflow.at\/en\/wp-json\/wp\/v2\/comments?post=25983004"}],"version-history":[{"count":25,"href":"https:\/\/www.workflow.at\/en\/wp-json\/wp\/v2\/pages\/25983004\/revisions"}],"predecessor-version":[{"id":25984245,"href":"https:\/\/www.workflow.at\/en\/wp-json\/wp\/v2\/pages\/25983004\/revisions\/25984245"}],"wp:attachment":[{"href":"https:\/\/www.workflow.at\/en\/wp-json\/wp\/v2\/media?parent=25983004"}],"curies":[{"name":"wp","href":"https:\/\/api.w.org\/{rel}","templated":true}]}}