{"id":25981358,"date":"2024-11-06T15:32:30","date_gmt":"2024-11-06T14:32:30","guid":{"rendered":"https:\/\/www.workflow.at\/?page_id=25981358"},"modified":"2025-03-24T10:07:05","modified_gmt":"2025-03-24T09:07:05","slug":"impressum","status":"publish","type":"page","link":"https:\/\/www.workflow.at\/en\/impressum\/","title":{"rendered":"Legal notice"},"content":{"rendered":"<div data-elementor-type=\"wp-page\" data-elementor-id=\"25981358\" class=\"elementor elementor-25981358\" data-elementor-settings=\"{&quot;element_pack_global_tooltip_width&quot;:{&quot;unit&quot;:&quot;px&quot;,&quot;size&quot;:&quot;&quot;,&quot;sizes&quot;:[]},&quot;element_pack_global_tooltip_width_tablet&quot;:{&quot;unit&quot;:&quot;px&quot;,&quot;size&quot;:&quot;&quot;,&quot;sizes&quot;:[]},&quot;element_pack_global_tooltip_width_mobile&quot;:{&quot;unit&quot;:&quot;px&quot;,&quot;size&quot;:&quot;&quot;,&quot;sizes&quot;:[]},&quot;element_pack_global_tooltip_padding&quot;:{&quot;unit&quot;:&quot;px&quot;,&quot;top&quot;:&quot;&quot;,&quot;right&quot;:&quot;&quot;,&quot;bottom&quot;:&quot;&quot;,&quot;left&quot;:&quot;&quot;,&quot;isLinked&quot;:true},&quot;element_pack_global_tooltip_padding_tablet&quot;:{&quot;unit&quot;:&quot;px&quot;,&quot;top&quot;:&quot;&quot;,&quot;right&quot;:&quot;&quot;,&quot;bottom&quot;:&quot;&quot;,&quot;left&quot;:&quot;&quot;,&quot;isLinked&quot;:true},&quot;element_pack_global_tooltip_padding_mobile&quot;:{&quot;unit&quot;:&quot;px&quot;,&quot;top&quot;:&quot;&quot;,&quot;right&quot;:&quot;&quot;,&quot;bottom&quot;:&quot;&quot;,&quot;left&quot;:&quot;&quot;,&quot;isLinked&quot;:true},&quot;element_pack_global_tooltip_border_radius&quot;:{&quot;unit&quot;:&quot;px&quot;,&quot;top&quot;:&quot;&quot;,&quot;right&quot;:&quot;&quot;,&quot;bottom&quot;:&quot;&quot;,&quot;left&quot;:&quot;&quot;,&quot;isLinked&quot;:true},&quot;element_pack_global_tooltip_border_radius_tablet&quot;:{&quot;unit&quot;:&quot;px&quot;,&quot;top&quot;:&quot;&quot;,&quot;right&quot;:&quot;&quot;,&quot;bottom&quot;:&quot;&quot;,&quot;left&quot;:&quot;&quot;,&quot;isLinked&quot;:true},&quot;element_pack_global_tooltip_border_radius_mobile&quot;:{&quot;unit&quot;:&quot;px&quot;,&quot;top&quot;:&quot;&quot;,&quot;right&quot;:&quot;&quot;,&quot;bottom&quot;:&quot;&quot;,&quot;left&quot;:&quot;&quot;,&quot;isLinked&quot;:true}}\">\n\t\t\t\t<div class=\"elementor-element elementor-element-bdb54a7 e-flex e-con-boxed e-con e-parent\" data-id=\"bdb54a7\" data-element_type=\"container\" data-e-type=\"container\">\n\t\t\t\t\t<div class=\"e-con-inner\">\n\t\t\t\t<div class=\"elementor-element elementor-element-9610dcd elementor-widget elementor-widget-text-editor\" data-id=\"9610dcd\" data-element_type=\"widget\" data-e-type=\"widget\" data-widget_type=\"text-editor.default\">\n\t\t\t\t<div class=\"elementor-widget-container\">\n\t\t\t\t\t\t\t\t\t<p><em>Company wording:<br \/><\/em><strong>Workflow HR Systems GmbH<\/strong><\/p><p><em>Trade:<\/em><br \/><strong>Dienstleistungen im Bereich der\u00a0Unternehmensberatung und Informationstechnologie<\/strong><\/p><p><em>Company register:<\/em><br \/><strong>FN 188579 y<\/strong><\/p><p><em>UID:<\/em><br \/><strong>ATU50176900<\/strong><\/p><p><em>Address:<\/em><br \/><strong>A-1120 Vienna, Wagenseilgasse 14<\/strong><\/p><p><em>Telefon B\u00fcro:<\/em><br \/><strong>+43 (0)1 7188842<\/strong><\/p><p>Gesch\u00e4ftszeiten:<br \/><strong>Mo-Do: 8:00 \u2013 18:00<\/strong><br \/><strong>Fr: 8:00 \u2013 14:00<\/strong><\/p><p><em>E-Mail:<br \/><\/em><strong><a href=\"mailto:office@workflow.at\">office@workflow.at<\/a><\/strong><\/p><p><em>Photos:<\/em><br \/><strong>Sandra Gr\u00e4f<\/strong>:\u00a0<a href=\"http:\/\/www.sandra-graef.at\/\">www.sandra-graef.at<\/a><br \/><strong>Canva\u00a0<\/strong><a href=\"http:\/\/www.canva.com\/\" target=\"_blank\" rel=\"noopener\">www.canva.com<\/a><\/p><p><em>Web design:<br \/><\/em><strong>Simple marketing<\/strong><em>:\u00a0<\/em><a href=\"https:\/\/www.einfachmarketing.at\/\">www.einfachmarketing.at<\/a><\/p><p><em><br \/>Verantwortlich f\u00fcr den Inhalt: Workflow HR Systems GmbH<\/em><\/p><p><strong>1. Haftungsbeschr\u00e4nkung<\/strong><\/p><p><em>Die Inhalte des Internetauftritts wurden mit gr\u00f6\u00dftm\u00f6glicher Sorgfalt und nach bestem Gewissen erstellt. Dennoch \u00fcbernimmt der Anbieter dieser Webseite keine Gew\u00e4hr f\u00fcr die Aktualit\u00e4t, Vollst\u00e4ndigkeit und Richtigkeit der bereitgestellten Seiten und Inhalte.<\/em><\/p><p><strong>2. external links<\/strong><\/p><p><em>Die Webseite enth\u00e4lt sog. \u201eexterne Links\u201c (Verlinkungen) zu anderen Webseiten, auf deren Inhalt der Anbieter der Webseite keinen Einfluss hat. Aus diesem Grund kann der Anbieter f\u00fcr diese Inhalte auch keine Haftung \u00fcbernehmen.<\/em><br \/><em>The respective provider of the linked website is responsible for the content and accuracy of the information provided.<\/em><\/p><p><strong>3. copyright\/trademark law<\/strong><\/p><p><em>The content, works and information published on this website are subject to copyright. Any type of duplication, processing, distribution, storage and any type of utilisation outside the limits of copyright law requires the prior written consent of the respective copyright holder. Unauthorised copying\/saving of the information and images provided on this website is not permitted and is punishable by law.<\/em><\/p><p><strong>4. gender disclaimer<\/strong><\/p><p><i>Gender note On this website, the neutral form of the genders has been used for the most part and is preferred. If, for reasons of readability or lack of space, the feminine or masculine form alone has been used in some places, this does not mean that the other genders are not included or even discriminated against.<\/i><\/p>\t\t\t\t\t\t\t\t<\/div>\n\t\t\t\t<\/div>\n\t\t\t\t\t<\/div>\n\t\t\t\t<\/div>\n\t\t\t\t<\/div>","protected":false},"excerpt":{"rendered":"<p>Company name:Workflow HR Systems GmbH Business:Services in the field of management consultancy and information technology Company register:FN 188579 y UID:ATU50176900 Address:A-1120 Vienna, Wagenseilgasse 14 Telephone office:+43 (0)1 7188842 [...]<\/p>","protected":false},"author":2,"featured_media":0,"parent":0,"menu_order":0,"comment_status":"closed","ping_status":"closed","template":"","meta":{"content-type":"","footnotes":""},"class_list":["post-25981358","page","type-page","status-publish","hentry"],"yoast_head":"<!-- This site is optimized with the Yoast SEO plugin v26.9 - https:\/\/yoast.com\/product\/yoast-seo-wordpress\/ -->\n<title>Impressum - Workflow HR Systems GmbH<\/title>\n<meta name=\"robots\" content=\"index, follow, max-snippet:-1, max-image-preview:large, max-video-preview:-1\" \/>\n<link rel=\"canonical\" href=\"https:\/\/www.workflow.at\/en\/impressum\/\" \/>\n<meta property=\"og:locale\" content=\"en_GB\" \/>\n<meta property=\"og:type\" content=\"article\" \/>\n<meta property=\"og:title\" content=\"Impressum - Workflow HR Systems GmbH\" \/>\n<meta property=\"og:description\" content=\"Firmenwortlaut:Workflow HR Systems GmbH Gewerbe:Dienstleistungen im Bereich der\u00a0Unternehmensberatung und Informationstechnologie Firmenbuch:FN 188579 y UID:ATU50176900 Adresse:A-1120 Wien, Wagenseilgasse 14 Telefon B\u00fcro:+43 (0)1 7188842 [&hellip;]\" \/>\n<meta property=\"og:url\" content=\"https:\/\/www.workflow.at\/en\/impressum\/\" \/>\n<meta property=\"og:site_name\" content=\"Workflow HR Systems GmbH\" \/>\n<meta property=\"article:modified_time\" content=\"2025-03-24T09:07:05+00:00\" \/>\n<meta name=\"twitter:card\" content=\"summary_large_image\" \/>\n<meta name=\"twitter:label1\" content=\"Estimated reading time\" \/>\n\t<meta name=\"twitter:data1\" content=\"2 minutes\" \/>\n<script type=\"application\/ld+json\" class=\"yoast-schema-graph\">{\"@context\":\"https:\/\/schema.org\",\"@graph\":[{\"@type\":\"WebPage\",\"@id\":\"https:\/\/www.workflow.at\/impressum\/\",\"url\":\"https:\/\/www.workflow.at\/impressum\/\",\"name\":\"Impressum - Workflow HR Systems GmbH\",\"isPartOf\":{\"@id\":\"https:\/\/www.workflow.at\/#website\"},\"datePublished\":\"2024-11-06T14:32:30+00:00\",\"dateModified\":\"2025-03-24T09:07:05+00:00\",\"breadcrumb\":{\"@id\":\"https:\/\/www.workflow.at\/impressum\/#breadcrumb\"},\"inLanguage\":\"en-GB\",\"potentialAction\":[{\"@type\":\"ReadAction\",\"target\":[\"https:\/\/www.workflow.at\/impressum\/\"]}]},{\"@type\":\"BreadcrumbList\",\"@id\":\"https:\/\/www.workflow.at\/impressum\/#breadcrumb\",\"itemListElement\":[{\"@type\":\"ListItem\",\"position\":1,\"name\":\"Startseite\",\"item\":\"https:\/\/www.workflow.at\/\"},{\"@type\":\"ListItem\",\"position\":2,\"name\":\"Impressum\"}]},{\"@type\":\"WebSite\",\"@id\":\"https:\/\/www.workflow.at\/#website\",\"url\":\"https:\/\/www.workflow.at\/\",\"name\":\"Workflow HR Systems GmbH\",\"description\":\"Simplify your HR\",\"potentialAction\":[{\"@type\":\"SearchAction\",\"target\":{\"@type\":\"EntryPoint\",\"urlTemplate\":\"https:\/\/www.workflow.at\/?s={search_term_string}\"},\"query-input\":{\"@type\":\"PropertyValueSpecification\",\"valueRequired\":true,\"valueName\":\"search_term_string\"}}],\"inLanguage\":\"en-GB\"}]}<\/script>\n<!-- \/ Yoast SEO plugin. -->","yoast_head_json":{"title":"Imprint - Workflow HR Systems GmbH","robots":{"index":"index","follow":"follow","max-snippet":"max-snippet:-1","max-image-preview":"max-image-preview:large","max-video-preview":"max-video-preview:-1"},"canonical":"https:\/\/www.workflow.at\/en\/impressum\/","og_locale":"en_GB","og_type":"article","og_title":"Impressum - Workflow HR Systems GmbH","og_description":"Firmenwortlaut:Workflow HR Systems GmbH Gewerbe:Dienstleistungen im Bereich der\u00a0Unternehmensberatung und Informationstechnologie Firmenbuch:FN 188579 y UID:ATU50176900 Adresse:A-1120 Wien, Wagenseilgasse 14 Telefon B\u00fcro:+43 (0)1 7188842 [&hellip;]","og_url":"https:\/\/www.workflow.at\/en\/impressum\/","og_site_name":"Workflow HR Systems GmbH","article_modified_time":"2025-03-24T09:07:05+00:00","twitter_card":"summary_large_image","twitter_misc":{"Estimated reading time":"2 minutes"},"schema":{"@context":"https:\/\/schema.org","@graph":[{"@type":"WebPage","@id":"https:\/\/www.workflow.at\/impressum\/","url":"https:\/\/www.workflow.at\/impressum\/","name":"Imprint - Workflow HR Systems GmbH","isPartOf":{"@id":"https:\/\/www.workflow.at\/#website"},"datePublished":"2024-11-06T14:32:30+00:00","dateModified":"2025-03-24T09:07:05+00:00","breadcrumb":{"@id":"https:\/\/www.workflow.at\/impressum\/#breadcrumb"},"inLanguage":"en-GB","potentialAction":[{"@type":"ReadAction","target":["https:\/\/www.workflow.at\/impressum\/"]}]},{"@type":"BreadcrumbList","@id":"https:\/\/www.workflow.at\/impressum\/#breadcrumb","itemListElement":[{"@type":"ListItem","position":1,"name":"Startseite","item":"https:\/\/www.workflow.at\/"},{"@type":"ListItem","position":2,"name":"Impressum"}]},{"@type":"WebSite","@id":"https:\/\/www.workflow.at\/#website","url":"https:\/\/www.workflow.at\/","name":"Workflow HR Systems GmbH","description":"Simplify your HR","potentialAction":[{"@type":"SearchAction","target":{"@type":"EntryPoint","urlTemplate":"https:\/\/www.workflow.at\/?s={search_term_string}"},"query-input":{"@type":"PropertyValueSpecification","valueRequired":true,"valueName":"search_term_string"}}],"inLanguage":"en-GB"}]}},"_links":{"self":[{"href":"https:\/\/www.workflow.at\/en\/wp-json\/wp\/v2\/pages\/25981358","targetHints":{"allow":["GET"]}}],"collection":[{"href":"https:\/\/www.workflow.at\/en\/wp-json\/wp\/v2\/pages"}],"about":[{"href":"https:\/\/www.workflow.at\/en\/wp-json\/wp\/v2\/types\/page"}],"author":[{"embeddable":true,"href":"https:\/\/www.workflow.at\/en\/wp-json\/wp\/v2\/users\/2"}],"replies":[{"embeddable":true,"href":"https:\/\/www.workflow.at\/en\/wp-json\/wp\/v2\/comments?post=25981358"}],"version-history":[{"count":8,"href":"https:\/\/www.workflow.at\/en\/wp-json\/wp\/v2\/pages\/25981358\/revisions"}],"predecessor-version":[{"id":25983260,"href":"https:\/\/www.workflow.at\/en\/wp-json\/wp\/v2\/pages\/25981358\/revisions\/25983260"}],"wp:attachment":[{"href":"https:\/\/www.workflow.at\/en\/wp-json\/wp\/v2\/media?parent=25981358"}],"curies":[{"name":"wp","href":"https:\/\/api.w.org\/{rel}","templated":true}]}}